{"id":11,"date":"2011-07-26T13:45:26","date_gmt":"2011-07-26T13:45:26","guid":{"rendered":"http:\/\/www.mirasoul.si\/?page_id=11"},"modified":"2020-11-16T13:59:14","modified_gmt":"2020-11-16T13:59:14","slug":"splosni-pogoji","status":"publish","type":"page","link":"https:\/\/www.mirasoul.si\/de\/splosni-pogoji\/","title":{"rendered":"Allgemeine bedingungen"},"content":{"rendered":"<p><strong>Allgemeine Nutzungsbedingungen der Homepage www.mirasoul.si<\/strong><\/p>\n<p><strong>I.<\/strong><\/p>\n<p>Das Unternehmen Mirasoul d.o.o. darf die auf seiner Homepage gesammelten E-Mail-Adressen der Besucher f\u00fcr Zwecke der Versendung von E-Nachrichten benutzen. Dabei verpflichtet sich das Unternehmen, alle personenbezogene Daten laut Gesetz Zakon o varstvu osebnih podatkov (Gesetz \u00fcber personenbezogene Daten) zu sch\u00fctzen und sie nur f\u00fcr interne Bed\u00fcrfnisse zu benutzen und sie anderen nat\u00fcrlichen und juristischen Personen nicht weiterleiten. Um einen unbefugten Zugang zu diesen Daten zu verhindern sowie f\u00fcr ihre entsprechende Nutzung zu sorgen, wird das Unternehmen Mirasoul d.o.o. fachgerechte technische und organisatorische Verfahren zum Schutz der gesammelten Daten benutzen.<\/p>\n<p><strong>II.<\/strong><\/p>\n<p>S\u00e4mtliche Abbildungen und Texte, ver\u00f6ffentlicht auf der Webseite www.mirasoul.si, sind Eigentum des Unternehmens Mirasoul d.o.o. und d\u00fcrfen nur f\u00fcr nichtgewerbliche Zwecke benutzt werden, wo aber alle Hinweise \u00fcber Urheberrechte stehen m\u00fcssen und d\u00fcrfen daher weder vervielf\u00e4ltigt, bearbeitet, oder sonst wie verbreitet werden ohne der vorherigen schriftlichen Zustimmung des Eigent\u00fcmers. Mirasoul d.o.o. ist nicht verantwortlich f\u00fcr die Form und Inhalte der Webseiten, die auf irgendeine Weise mit der Seite www.mirasoul.si verbunden sind. F\u00fcr den Besuch und Benutzung der verbundenen Webseiten \u00fcbernimmt das Unternehmen Mirasoul d.o.o. keine Verantwortung. Mirasoul d.o.o. tr\u00e4gt keine Verantwortung f\u00fcr gelegentliche Unzug\u00e4nglichkeit der Webseite, etwaige ungenaue Informationen, auch nicht f\u00fcr eventuelle Sch\u00e4den, die als Folge der Benutzung ungenauer und unvollst\u00e4ndiger Informationen entstanden sind.<\/p>\n<p><strong>III.<\/strong><\/p>\n<p>Das Unternehmen Mirasoul d.o.o. wird sich bem\u00fchen, dass alle Angaben auf der Webseite www.mirasoul.si richtig und aktuell sein werden, aber weder Mirasoul d.o.o. noch irgendeine andere juristische oder nat\u00fcrliche Person, die bei der Erstellung oder Updaten der Webseite beteiligt war oder ist, k\u00f6nnen f\u00fcr entstandene Sch\u00e4den, Gewinnverluste oder Nichtverm\u00f6genssch\u00e4den, die eine Folge der Benutzung oder Unf\u00e4higkeit der Benutzung der Webseite sind und die der Besucher erleiden k\u00f6nnte, nicht haften.<\/p>\n<p><strong>IV.<\/strong><\/p>\n<p>Mirasoul d.o.o. beh\u00e4lt sich das Recht zur \u00c4nderungen der Inhalte, ver\u00f6ffentlicht auf seiner Webseite.<\/p>\n<p>Mit der Ver\u00f6ffentlichung dieser Nutzungsbedingungen der Webseite www.mirasoul.si treten sie in Kraft. Mit der Benutzung der Webseite <a href=\"http:\/\/www.mirasoul.si\/\">www.mirasoul.si<\/a> best\u00e4tigt der Benutzer, dass er die oben angef\u00fchrten Bedingungen annimmt und ihnen zustimmt.<\/p>","protected":false},"excerpt":{"rendered":"<p>Allgemeine Nutzungsbedingungen der Homepage www.mirasoul.si I. Das Unternehmen Mirasoul d.o.o. darf die auf seiner Homepage gesammelten E-Mail-Adressen der Besucher f\u00fcr Zwecke der Versendung von E-Nachrichten benutzen. Dabei verpflichtet sich das Unternehmen, alle personenbezogene Daten laut Gesetz Zakon o varstvu osebnih podatkov (Gesetz \u00fcber personenbezogene Daten) zu sch\u00fctzen und sie nur f\u00fcr interne Bed\u00fcrfnisse zu benutzen [&hellip;]<\/p>\n","protected":false},"author":1,"featured_media":0,"parent":0,"menu_order":0,"comment_status":"closed","ping_status":"closed","template":"","meta":[],"_links":{"self":[{"href":"https:\/\/www.mirasoul.si\/de\/wp-json\/wp\/v2\/pages\/11"}],"collection":[{"href":"https:\/\/www.mirasoul.si\/de\/wp-json\/wp\/v2\/pages"}],"about":[{"href":"https:\/\/www.mirasoul.si\/de\/wp-json\/wp\/v2\/types\/page"}],"author":[{"embeddable":true,"href":"https:\/\/www.mirasoul.si\/de\/wp-json\/wp\/v2\/users\/1"}],"replies":[{"embeddable":true,"href":"https:\/\/www.mirasoul.si\/de\/wp-json\/wp\/v2\/comments?post=11"}],"version-history":[{"count":4,"href":"https:\/\/www.mirasoul.si\/de\/wp-json\/wp\/v2\/pages\/11\/revisions"}],"predecessor-version":[{"id":25822,"href":"https:\/\/www.mirasoul.si\/de\/wp-json\/wp\/v2\/pages\/11\/revisions\/25822"}],"wp:attachment":[{"href":"https:\/\/www.mirasoul.si\/de\/wp-json\/wp\/v2\/media?parent=11"}],"curies":[{"name":"wp","href":"https:\/\/api.w.org\/{rel}","templated":true}]}}