{"id":67,"date":"2011-11-23T10:49:14","date_gmt":"2011-11-23T10:49:14","guid":{"rendered":"http:\/\/www.mirasoul.si\/?page_id=67"},"modified":"2020-11-16T13:56:52","modified_gmt":"2020-11-16T13:56:52","slug":"aditiv-mirasoul-biodiesel","status":"publish","type":"page","link":"https:\/\/www.mirasoul.si\/de\/aditivi\/aditiv-mirasoul-biodiesel\/","title":{"rendered":"ADDITIV MIRASOUL (BIO)DIESEL"},"content":{"rendered":"<p>Mirasoul (Bio)Diesel ist ein hochwertiges Additiv, das sich f\u00fcr alle Dieselmotoren und Aggregate eignet. Mirasoul (Bio)Diesel Additiv wirkt auf dem Prinzip der Molek\u00fclendekomposition des Kraftstoffes in kleinste m\u00f6gliche Teilchen. W\u00e4hrend des Prozesses ver\u00e4ndert sich die Kraftstoffstruktur, was zur besseren Qualit\u00e4t und erh\u00f6htem Kalorienwert f\u00fchrt. Alle Additive Mirasoul sind aus nat\u00fcrlichen \u00d6len (ohne Acetyl und Benzol) hergestellt und sind unsch\u00e4dlich f\u00fcr Motoren oder Generatoren. Mirasoul (Bio)Diesel Additiv muss immer nach erfolgtem Tanken dazugegeben werden.<\/p>\n<table style=\"width: 100%;\" border=\"0\">\n<tbody>\n<tr>\n<td style=\"text-align: center;\"><strong>keine aditive <\/strong>(160x zoom)<\/td>\n<td style=\"text-align: center;\"><strong>mit aditive\u00a0<\/strong>(160x zoom)<\/td>\n<\/tr>\n<tr>\n<td><a href=\"http:\/\/www.mirasoul.si\/aditivi\/aditiv-mirasoul-biodiesel\/pred\/\" rel=\"attachment wp-att-355\"><img loading=\"lazy\" class=\"aligncenter\" title=\"pred\" src=\"http:\/\/www.mirasoul.si\/wp-content\/uploads\/2011\/11\/pred.png\" alt=\"\" width=\"250\" height=\"116\" \/><\/a><\/td>\n<td>\u00a0<a href=\"http:\/\/www.mirasoul.si\/aditivi\/aditiv-mirasoul-biodiesel\/po\/\" rel=\"attachment wp-att-356\"><img loading=\"lazy\" class=\"aligncenter\" title=\"po\" src=\"http:\/\/www.mirasoul.si\/wp-content\/uploads\/2011\/11\/po.png\" alt=\"\" width=\"250\" height=\"116\" \/><\/a><\/td>\n<\/tr>\n<\/tbody>\n<\/table>\n<p>&nbsp;<\/p>\n<ul>\n<li>ist ein Additiv f\u00fcr Diesel und Biodiesel. Es ist geeignet f\u00fcr alle Arten von Dieselmotoren und Aggregaten.<\/li>\n<li>ist ein hochwertiger Zusatzstoff, der sich auf alle Dieselmotoren von Transport- und Industriefahrzeugen, Aggregaten und Maschinen positiv auswirkt.<\/li>\n<li>verringert den Kraftstoffverbrauch, erh\u00f6ht den Drehmoment und dadurch die Motorkraft.<\/li>\n<li>erm\u00f6glicht besseren Kraftstoffdurchfluss und Zerst\u00e4ubung sowie bessere Verbrennung.<\/li>\n<li>beeinflusst die Zugkraft, sorgt f\u00fcr optimale Kraftstoff- und Luftmischung und erm\u00f6glicht zugleich weichere Fahrt sowie leiseren Motorlauf.<\/li>\n<li>\u00f6lt, reinigt und sch\u00fctzt Einspritzd\u00fcsen, Pumpen, Filter, Zylinder und Turbolader. Dadurch ist erm\u00f6glicht ein optimaler Motorlauf, der Verschlei\u00df wird verringert, Rostans\u00e4tze verhindert und somit die Lebensdauer des Systems verl\u00e4ngert.<\/li>\n<li>ist n\u00fctzlich auch bei Kraftstofflagerung, weil es mit seiner Wirkung Korrosion verringert und auch Tank- und Ausr\u00fcstungsreinigungen sind seltener n\u00f6tig.<\/li>\n<li>erm\u00f6glicht einen ungest\u00f6rten Motorlauf auch bei winterlichen niedrigen Temperaturen. Weil es die Entz\u00fcndlichkeit erh\u00f6ht, ist eine leichtere und schnellere Z\u00fcndung m\u00f6glich.<\/li>\n<li>verringert mit seiner Funktion den Gehalt kleiner Ru\u00dfpartikel und anderer Gase in der Abluft und deshalb sorgt man mit der Benutzung des Additivs indirekt auch f\u00fcr die Umwelt.<\/li>\n<\/ul>\n<p>&nbsp;<\/p>\n<p><span style=\"text-decoration: underline;\">\u2026oder kurz gesagt\u2026<\/span><\/p>\n<ul>\n<li>\u00a0verringert Ru\u00df und folglich die Umweltverschmutzung<\/li>\n<li>senkt den Kraftstoffverbrauch<\/li>\n<li>verl\u00e4ngert die Lebensdauer des Motors<\/li>\n<li>erh\u00f6ht die Zugkraft und somit die Motorkraft<\/li>\n<li>\u00f6lt und sch\u00fctzt den Motor<\/li>\n<li>verbessert die Verbrennungsqualit\u00e4t<\/li>\n<li>verhindert Ablagerungen in Kraftstoffleitungen<\/li>\n<li>beeinflusst die optimale Kraftstoff- und Luftmischung<\/li>\n<li>verhindert Korrosion<\/li>\n<li>erm\u00f6glicht weichere Fahrt und leiseren Motorlauf<\/li>\n<li>erm\u00f6glicht schnellere Z\u00fcndung und ungest\u00f6rten Motorlauf bei niedrigen Temperaturen<\/li>\n<\/ul>\n<p>&nbsp;<\/p>\n<p><strong><span style=\"text-decoration: underline;\"><strong><span style=\"text-decoration: underline;\">Verwendung und Dosierung<\/span><\/strong>:<\/span><\/strong><\/p>\n<p>Das Additiv Mirasoul wird im Verh\u00e4ltnis 1:1000 dazugegeben.<\/p>\n<p><span style=\"text-decoration: underline;\">Beispiel:<\/span> 1l Additivs auf 1000 l Diesel oder Biodiesel. (60 ml des Additivs in vollen 60-Litertank beim Auto)<\/p>\n<ul>\n<li>Es ist empfehlenswert das Additiv regelm\u00e4\u00dfig ohne Unterbrechungen zu gebrauchen, weil die Wirkung in dem Fall besser und langwieriger ist.<\/li>\n<li>Niemals weniger Additivs dazugeben, sondern lieber mehr! Eine \u00dcberdosierung ist nicht m\u00f6glich.<\/li>\n<\/ul>\n<p><a href=\"http:\/\/www.mirasoul.si\/aditivi\/aditiv-mirasoul-biodiesel\/mirasoul_embalaze\/\" rel=\"attachment wp-att-466\"><img loading=\"lazy\" class=\"alignnone size-full wp-image-466\" title=\"mirasoul_embalaze\" src=\"http:\/\/www.mirasoul.si\/wp-content\/uploads\/2011\/11\/mirasoul_embalaze.png\" alt=\"\" width=\"632\" height=\"480\" \/><\/a><\/p>\n<p><strong><span style=\"text-decoration: underline;\">IMPORTANT!!!<\/span><\/strong><\/p>\n<p><strong>Mirasoul Additive should be added at the end of every filling!!!<\/strong><\/p>","protected":false},"excerpt":{"rendered":"<p>Mirasoul (Bio)Diesel ist ein hochwertiges Additiv, das sich f\u00fcr alle Dieselmotoren und Aggregate eignet. Mirasoul (Bio)Diesel Additiv wirkt auf dem Prinzip der Molek\u00fclendekomposition des Kraftstoffes in kleinste m\u00f6gliche Teilchen. W\u00e4hrend des Prozesses ver\u00e4ndert sich die Kraftstoffstruktur, was zur besseren Qualit\u00e4t und erh\u00f6htem Kalorienwert f\u00fchrt. Alle Additive Mirasoul sind aus nat\u00fcrlichen \u00d6len (ohne Acetyl und Benzol) [&hellip;]<\/p>\n","protected":false},"author":1,"featured_media":0,"parent":26,"menu_order":0,"comment_status":"closed","ping_status":"closed","template":"","meta":[],"_links":{"self":[{"href":"https:\/\/www.mirasoul.si\/de\/wp-json\/wp\/v2\/pages\/67"}],"collection":[{"href":"https:\/\/www.mirasoul.si\/de\/wp-json\/wp\/v2\/pages"}],"about":[{"href":"https:\/\/www.mirasoul.si\/de\/wp-json\/wp\/v2\/types\/page"}],"author":[{"embeddable":true,"href":"https:\/\/www.mirasoul.si\/de\/wp-json\/wp\/v2\/users\/1"}],"replies":[{"embeddable":true,"href":"https:\/\/www.mirasoul.si\/de\/wp-json\/wp\/v2\/comments?post=67"}],"version-history":[{"count":12,"href":"https:\/\/www.mirasoul.si\/de\/wp-json\/wp\/v2\/pages\/67\/revisions"}],"predecessor-version":[{"id":25818,"href":"https:\/\/www.mirasoul.si\/de\/wp-json\/wp\/v2\/pages\/67\/revisions\/25818"}],"up":[{"embeddable":true,"href":"https:\/\/www.mirasoul.si\/de\/wp-json\/wp\/v2\/pages\/26"}],"wp:attachment":[{"href":"https:\/\/www.mirasoul.si\/de\/wp-json\/wp\/v2\/media?parent=67"}],"curies":[{"name":"wp","href":"https:\/\/api.w.org\/{rel}","templated":true}]}}