{"id":74,"date":"2011-11-23T11:35:10","date_gmt":"2011-11-23T11:35:10","guid":{"rendered":"http:\/\/www.mirasoul.si\/?page_id=74"},"modified":"2020-11-16T13:57:14","modified_gmt":"2020-11-16T13:57:14","slug":"aditiv-mirasoul-heating-oil","status":"publish","type":"page","link":"https:\/\/www.mirasoul.si\/de\/aditivi\/aditiv-mirasoul-heating-oil\/","title":{"rendered":"MIRASOUL HEATING OIL"},"content":{"rendered":"<p>Das Additiv Mirasoul <strong>HEATING OIL<\/strong> wird als Zusatzstoff zu Heiz\u00f6l zugegeben.<\/p>\n<p>Mirasoul HEATING OIL verringert den Heiz\u00f6lverbrauch, Emissionen von sch\u00e4dlichen Gasen und verl\u00e4ngert die Lebensdauer der Anlagenkomponenten, die W\u00e4rme f\u00fcr die Heizung produzieren.<\/p>\n<p>Zum Beispiel:<\/p>\n<ul>\n<ul>\n<li>TANKS (vermeidet Korrosion und unn\u00f6tiges Reinigen)<\/li>\n<li>LEITUNGEN (vermeidet Korrosion)<\/li>\n<li>FILTER (vermeidet Verstopfungen)<\/li>\n<li>BRENNER (verbessert W\u00e4rmeausbeute, erm\u00f6glicht leiseren Betrieb, leichtere Z\u00fcndung)<\/li>\n<li>SCHORNSTEIN (verhindert Ru\u00dfablagerungen im Schornstein)<\/li>\n<li>ABGASE und\u00a0 RU\u00df (vermindert sch\u00e4dliche Gasemissionen und Ru\u00df)<\/li>\n<\/ul>\n<\/ul>\n<p><strong><strong>VERWENDUNG UND DOSIERUNG<\/strong>:<\/strong><\/p>\n<p>Das Additiv Mirasoul Heating Oil wird im Verh\u00e4ltnis 1:5000 dazugegeben (1 Liter reicht f\u00fcr 5000 Liter Heiz\u00f6l).<\/p>\n<p>Dem Heiz\u00f6l wird es 2-5 Minuten nach dem Auff\u00fcllen des Tanks dazugegeben.<\/p>\n<p>&nbsp;<\/p>\n<p>&nbsp;<\/p>\n<p>&nbsp;<\/p>\n<p>&nbsp;<\/p>\n<p><strong><span style=\"text-decoration: underline;\"><strong><span style=\"text-decoration: underline;\">WICHTIG<\/span><\/strong>:<\/span><\/strong><\/p>\n<p><strong>Wegen besserer Wirkung wird das Additiv immer am Ende dazugegeben.<\/strong><\/p>\n<p>&nbsp;<\/p>\n<p><strong>COPY FROM THE COMPUTER WHICH WAS MEASURING SMOKE GASES MRU DELTA 2000:<\/strong><\/p>\n<table style=\"width: 100%;\" border=\"0\">\n<tbody>\n<tr>\n<td>RESULTS WITHOUT ADDITIVE:<\/p>\n<ul>\n<li>Temperature of gases: 161,5\u00b0C<\/li>\n<li>Quantity of CO2: 11,5 %<\/li>\n<li>Quantity of CO: 9 mg\/m3<\/li>\n<li>Heat-loss: 7,1%<\/li>\n<li>Estimated value of efficiency: 92,9%<\/li>\n<\/ul>\n<\/td>\n<td>RESULTS WITH ADDITIVE:<\/p>\n<ul>\n<li>Temperature of gases: 134,8\u00b0C<\/li>\n<li>Quantity of CO2: 12,0 %<\/li>\n<li>Quantity of CO: 4 mg\/m3<\/li>\n<li>Heat-loss: 5,7%<\/li>\n<li>Estimated value of efficiency: 94,3%<\/li>\n<\/ul>\n<\/td>\n<\/tr>\n<\/tbody>\n<\/table>\n<div>\u00a0 \u00a0<a href=\"http:\/\/www.mirasoul.si\/aditivi\/aditiv-mirasoul-heating-oil\/rezultat_1_ho\/\" rel=\"attachment wp-att-261\"><img loading=\"lazy\" title=\"Rezultat brez dodatka\" src=\"http:\/\/www.mirasoul.si\/wp-content\/uploads\/2011\/11\/rezultat_1_ho-e1323807593906.jpg\" alt=\"\" width=\"250\" height=\"533\" \/><\/a>\u00a0 \u00a0 \u00a0 \u00a0 \u00a0 \u00a0 \u00a0 \u00a0 \u00a0 \u00a0 \u00a0\u00a0<a href=\"http:\/\/www.mirasoul.si\/aditivi\/aditiv-mirasoul-heating-oil\/rezultat_2_ho\/\" rel=\"attachment wp-att-260\"><img loading=\"lazy\" title=\"Rezultat z dodatkom\" src=\"http:\/\/www.mirasoul.si\/wp-content\/uploads\/2011\/11\/rezultat_2_ho-e1323807611192.jpg\" alt=\"\" width=\"250\" height=\"533\" \/><\/a><\/div>\n<p><\/p>","protected":false},"excerpt":{"rendered":"<p>Das Additiv Mirasoul HEATING OIL wird als Zusatzstoff zu Heiz\u00f6l zugegeben. Mirasoul HEATING OIL verringert den Heiz\u00f6lverbrauch, Emissionen von sch\u00e4dlichen Gasen und verl\u00e4ngert die Lebensdauer der Anlagenkomponenten, die W\u00e4rme f\u00fcr die Heizung produzieren. Zum Beispiel: TANKS (vermeidet Korrosion und unn\u00f6tiges Reinigen) LEITUNGEN (vermeidet Korrosion) FILTER (vermeidet Verstopfungen) BRENNER (verbessert W\u00e4rmeausbeute, erm\u00f6glicht leiseren Betrieb, leichtere Z\u00fcndung) [&hellip;]<\/p>\n","protected":false},"author":1,"featured_media":0,"parent":26,"menu_order":0,"comment_status":"closed","ping_status":"closed","template":"","meta":[],"_links":{"self":[{"href":"https:\/\/www.mirasoul.si\/de\/wp-json\/wp\/v2\/pages\/74"}],"collection":[{"href":"https:\/\/www.mirasoul.si\/de\/wp-json\/wp\/v2\/pages"}],"about":[{"href":"https:\/\/www.mirasoul.si\/de\/wp-json\/wp\/v2\/types\/page"}],"author":[{"embeddable":true,"href":"https:\/\/www.mirasoul.si\/de\/wp-json\/wp\/v2\/users\/1"}],"replies":[{"embeddable":true,"href":"https:\/\/www.mirasoul.si\/de\/wp-json\/wp\/v2\/comments?post=74"}],"version-history":[{"count":19,"href":"https:\/\/www.mirasoul.si\/de\/wp-json\/wp\/v2\/pages\/74\/revisions"}],"predecessor-version":[{"id":25819,"href":"https:\/\/www.mirasoul.si\/de\/wp-json\/wp\/v2\/pages\/74\/revisions\/25819"}],"up":[{"embeddable":true,"href":"https:\/\/www.mirasoul.si\/de\/wp-json\/wp\/v2\/pages\/26"}],"wp:attachment":[{"href":"https:\/\/www.mirasoul.si\/de\/wp-json\/wp\/v2\/media?parent=74"}],"curies":[{"name":"wp","href":"https:\/\/api.w.org\/{rel}","templated":true}]}}