{"id":85,"date":"2011-11-23T12:36:06","date_gmt":"2011-11-23T12:36:06","guid":{"rendered":"http:\/\/www.mirasoul.si\/?page_id=85"},"modified":"2020-11-16T13:58:49","modified_gmt":"2020-11-16T13:58:49","slug":"o-nas","status":"publish","type":"page","link":"https:\/\/www.mirasoul.si\/de\/o-nas\/","title":{"rendered":"\u00dcBER UNS"},"content":{"rendered":"<p><strong>Mirasoul d.o.o.<\/strong><\/p>\n<p>Wir sind das erste spezialisierte Unternehmen in Slowenien mit innovativen L\u00f6sungen f\u00fcr Umweltschutz durch niedrigeren Kraftstofferbrauch und sauberen Verbrennung der Kraftstoffe.<\/p>\n<p>Die Grundt\u00e4tigkeit des Unternehmens Mirasoul ist die Herstellung und Verkauf des Additivs Mirasoul (Bio)Diesel (Zusatzstoff f\u00fcr Diesel und Biodiesel) und des Additivs Mirasoul Heating Oil (Zusatzstoff f\u00fcr Heiz\u00f6l).<\/p>\n<p>Unsere Grundaufgabe ist fachm\u00e4nnisches Beraten, kurze Reaktionszeiten, hochwertige Dienstleistungen und Produkte zu g\u00fcnstigen Preisen. Dies erzielen wir durch St\u00e4rkung\u00a0 langfristiger Gesch\u00e4ftsverbindungen und Gesch\u00e4ftsbeziehungen auf dem Gebiet Entwicklung, Versorgung mit dem Produkt und Vermarktung.<\/p>\n<p>Weil wir schnell, erfinderisch, flei\u00dfig und innovativ sind, sind wir in der Lage es mit allen Herausforderungen aufzunehmen, ungeachtet dessen, wie anspruchsvoll das Projekt. Dadurch erf\u00fcllen wir bei unseren Partnern Ihre Erwartungen und beweisen, dass wir die richtigen L\u00f6sungen und ernste Absichten haben.<\/p>\n<p>Wir verkaufen unsere Produkte im gesamten Slowenien als auch au\u00dferhalb unserer Grenzen. Unsere Produkte sind 100 Prozent erprobt und sicher zum Gebrauch.<\/p>","protected":false},"excerpt":{"rendered":"<p>Mirasoul d.o.o. Wir sind das erste spezialisierte Unternehmen in Slowenien mit innovativen L\u00f6sungen f\u00fcr Umweltschutz durch niedrigeren Kraftstofferbrauch und sauberen Verbrennung der Kraftstoffe. Die Grundt\u00e4tigkeit des Unternehmens Mirasoul ist die Herstellung und Verkauf des Additivs Mirasoul (Bio)Diesel (Zusatzstoff f\u00fcr Diesel und Biodiesel) und des Additivs Mirasoul Heating Oil (Zusatzstoff f\u00fcr Heiz\u00f6l). Unsere Grundaufgabe ist fachm\u00e4nnisches [&hellip;]<\/p>\n","protected":false},"author":1,"featured_media":0,"parent":0,"menu_order":0,"comment_status":"closed","ping_status":"closed","template":"","meta":[],"_links":{"self":[{"href":"https:\/\/www.mirasoul.si\/de\/wp-json\/wp\/v2\/pages\/85"}],"collection":[{"href":"https:\/\/www.mirasoul.si\/de\/wp-json\/wp\/v2\/pages"}],"about":[{"href":"https:\/\/www.mirasoul.si\/de\/wp-json\/wp\/v2\/types\/page"}],"author":[{"embeddable":true,"href":"https:\/\/www.mirasoul.si\/de\/wp-json\/wp\/v2\/users\/1"}],"replies":[{"embeddable":true,"href":"https:\/\/www.mirasoul.si\/de\/wp-json\/wp\/v2\/comments?post=85"}],"version-history":[{"count":4,"href":"https:\/\/www.mirasoul.si\/de\/wp-json\/wp\/v2\/pages\/85\/revisions"}],"predecessor-version":[{"id":25821,"href":"https:\/\/www.mirasoul.si\/de\/wp-json\/wp\/v2\/pages\/85\/revisions\/25821"}],"wp:attachment":[{"href":"https:\/\/www.mirasoul.si\/de\/wp-json\/wp\/v2\/media?parent=85"}],"curies":[{"name":"wp","href":"https:\/\/api.w.org\/{rel}","templated":true}]}}