{"id":11,"date":"2011-07-26T13:45:26","date_gmt":"2011-07-26T13:45:26","guid":{"rendered":"http:\/\/www.mirasoul.si\/?page_id=11"},"modified":"2020-11-16T13:59:14","modified_gmt":"2020-11-16T13:59:14","slug":"splosni-pogoji","status":"publish","type":"page","link":"https:\/\/www.mirasoul.si\/hr\/splosni-pogoji\/","title":{"rendered":"Op\u0107i uvjeti"},"content":{"rendered":"<p><\/p>\n<div>\n<p><strong>Op\u0107i uvjeti kori\u0161tenja internetske stranice www.mirasoul.si<\/strong><strong><\/strong><\/p>\n<p><strong>I.<\/strong><strong><\/strong><\/p>\n<p>Poduze\u0107e Mirasoul, d.o.o. na svojim internetskim stranicama prikupljene adrese<\/p>\n<p>posjetitelja mo\u017ee koristiti s ciljem slanja e-novosti. Pritom se obvezuje da \u0107e \u0161tititi sve osobne podatke u skladu sa Zakonom o za\u0161titi osobnih podataka i da \u0107e ih koristiti samo za internu uporabu i ne\u0107e ih posredovati drugim fizi\u010dkim i pravnim osobama. Da bi sprije\u010dili neovla\u0161ten pristup tim podacima i osigurali njihovu odgovaraju\u0107u uporabu, poduze\u0107e Mirasoul d.o.o. koristit \u0107e odgovaraju\u0107e tehni\u010dke i organizacijske postupke za za\u0161titu prikupljenih podataka.<\/p>\n<p><strong>II.<\/strong><strong><\/strong><\/p>\n<p>Slikovna gra\u0111a i sadr\u017eaji, objavljeni na internetskim stranicama www.mirasoul.si, vlasni\u0161tvo su poduze\u0107a Mirasoul d.o.o. i mogu se koristiti samo u nekomercijalne svrhe, a pritom se moraju po\u0161tovati sva navedena upozorenja o autorskim pravima pa se ne smiju prepisivati, umno\u017eavati ili na neki drugi na\u010din \u0161iriti bez pismenog dopu\u0161tenja vlasnika.<\/p>\n<p>Mirasoul d.o.o. ne odgovara za oblik i sadr\u017eaj internetskih stranica koje su na bilo koji na\u010din povezane s internetskom stranicom www.mirasoul.si. Kod posjeta i kori\u0161tenja linkova, odgovornost poduze\u0107a\u00a0 Mirasoul, d.o.o. je u svakom slu\u010daju isklju\u010dena. Mirasoul d.o.o. ne odgovara za povremeno nefunkcioniranje stranica, eventualne neto\u010dne informacije ni za eventualnu \u0161tetu nastalu zbog uporabe neto\u010dnih ili nepotpunih informacija.<\/p>\n<p><strong>III.<\/strong><strong><\/strong><\/p>\n<p>Poduze\u0107e Mirasoul d.o.o. trudit \u0107e se da\u00a0 podaci na internetskoj stranici www.mirasoul.si budu to\u010dni i a\u017eurni, ali Mirasoul d.o.o. ni druga pravna ili fizi\u010dka osoba koja je sudjelovala u izradi internetske stranice ili jo\u0161 sudjeluje u nadogradnjama internetske stranice, ne mo\u017ee biti odgovorna za uobi\u010dajenu \u0161tetu ili izgubljenu dobit ili neimovinsku \u0161tetu koje bi korisnik mogao imati zbog kori\u0161tenja<\/p>\n<p>internetske stranice ili nemogu\u0107nosti njenog kori\u0161tenja.<\/p>\n<p><strong>VI.<\/strong><strong><\/strong><\/p>\n<p>Mirasoul d.o.o. zadr\u017eava pravo promjene sadr\u017eaja objavljenih na svojim internetskim stranicama.<\/p>\n<p>Objavljivanjem ovih op\u0107ih uvjeta kori\u0161tenja internetske stranice <a href=\"http:\/\/www.mirasoul.si\/\">www.mirasoul.si<\/a> ti uvjeti po\u010dinju vrijediti. Kori\u0161tenjem internetske stranice www.mirasoul.si, korisnik potvr\u0111uje da prihva\u0107a ovdje opisane uvjete i da se s njima sla\u017ee.<\/p>\n<\/div>\n<p><\/p>","protected":false},"excerpt":{"rendered":"<p>Op\u0107i uvjeti kori\u0161tenja internetske stranice www.mirasoul.si I. Poduze\u0107e Mirasoul, d.o.o. na svojim internetskim stranicama prikupljene adrese posjetitelja mo\u017ee koristiti s ciljem slanja e-novosti. Pritom se obvezuje da \u0107e \u0161tititi sve osobne podatke u skladu sa Zakonom o za\u0161titi osobnih podataka i da \u0107e ih koristiti samo za internu uporabu i ne\u0107e ih posredovati drugim fizi\u010dkim [&hellip;]<\/p>\n","protected":false},"author":1,"featured_media":0,"parent":0,"menu_order":0,"comment_status":"closed","ping_status":"closed","template":"","meta":[],"_links":{"self":[{"href":"https:\/\/www.mirasoul.si\/hr\/wp-json\/wp\/v2\/pages\/11"}],"collection":[{"href":"https:\/\/www.mirasoul.si\/hr\/wp-json\/wp\/v2\/pages"}],"about":[{"href":"https:\/\/www.mirasoul.si\/hr\/wp-json\/wp\/v2\/types\/page"}],"author":[{"embeddable":true,"href":"https:\/\/www.mirasoul.si\/hr\/wp-json\/wp\/v2\/users\/1"}],"replies":[{"embeddable":true,"href":"https:\/\/www.mirasoul.si\/hr\/wp-json\/wp\/v2\/comments?post=11"}],"version-history":[{"count":16,"href":"https:\/\/www.mirasoul.si\/hr\/wp-json\/wp\/v2\/pages\/11\/revisions"}],"predecessor-version":[{"id":25822,"href":"https:\/\/www.mirasoul.si\/hr\/wp-json\/wp\/v2\/pages\/11\/revisions\/25822"}],"wp:attachment":[{"href":"https:\/\/www.mirasoul.si\/hr\/wp-json\/wp\/v2\/media?parent=11"}],"curies":[{"name":"wp","href":"https:\/\/api.w.org\/{rel}","templated":true}]}}