{"id":74,"date":"2011-11-23T11:35:10","date_gmt":"2011-11-23T11:35:10","guid":{"rendered":"http:\/\/www.mirasoul.si\/?page_id=74"},"modified":"2020-11-16T13:57:14","modified_gmt":"2020-11-16T13:57:14","slug":"aditiv-mirasoul-heating-oil","status":"publish","type":"page","link":"https:\/\/www.mirasoul.si\/hr\/aditivi\/aditiv-mirasoul-heating-oil\/","title":{"rendered":"MIRASOUL HEATING OIL"},"content":{"rendered":"<p>Aditiv Mirasoul\u00a0<strong>HEATING OIL<\/strong>\u00a0koristimo kao dodatak lo\u017e ulju.<\/p>\n<p>Mirasoul HEATING OIL smanjuje potro\u0161nju lo\u017eivog ulja, emisije \u0161tetnih plinova i produljuje vijek trajanja na komponentama naprava koje dobivaju toplinu za grijanje.<\/p>\n<p>Npr.:<\/p>\n<ul>\n<li>CISTERNE (sprje\u010dava koroziju i smanjuje potrebu za \u010di\u0161\u0107enjem)<\/li>\n<li>CJEVOVODI (sprje\u010dava koroziju)<\/li>\n<li>FILTRI (sprje\u010dava zapu\u0161avanje)<\/li>\n<li>PLAMENICI (pobolj\u0161ava iskoristivost energije, omogu\u0107uje lak\u0161e djelovanje, lak\u0161e paljenje)<\/li>\n<li>DIMNJACI (sprje\u010dava nakupljanje \u010da\u0111e na dimnjacima)<\/li>\n<li>ISPU\u0160NI PLINOVI\u00a0 i \u010cA\u0110AVOST (smanjuje emisiju \u0161tetnih plinova i \u010da\u0111avosti)<\/li>\n<\/ul>\n<p>&nbsp;<\/p>\n<p><strong>UPORABA I DOZIRANJE:<\/strong><\/p>\n<p>Mirasoul Heating oil dodamo u omjeru 1:2500 (1 litra je dovoljna za 2500 litara).<\/p>\n<p>Dodamo ga lo\u017eivom ulju 2-5 minuta nakon \u0161to smo napunili cisternu.<\/p>\n<p>&nbsp;<\/p>\n<p><strong><span style=\"text-decoration: underline;\">VA\u017dNO:<\/span><\/strong><\/p>\n<p><strong>Zbog bolje u\u010dinkovitosti, aditiv uvijek dodamo na kraju.<\/strong><\/p>\n<p>&nbsp;<\/p>\n<p><strong>KOPIJA ISPISA DIMNIH PLINOVA MRU IZ MJERNOG RA\u010cUNALA DELTA 2000:<\/strong><\/p>\n<table style=\"width: 100%;\" border=\"0\">\n<tbody>\n<tr>\n<td>REZULTATI BEZ DODATKA:<\/p>\n<ul>\n<li>temperatura plinova: 161,5\u00b0C<\/li>\n<li>koli\u010dina CO2: 11,5 %<\/li>\n<li>koli\u010dina CO: 9 mg\/m3<\/li>\n<li>toplinski gubici: 7,1%<\/li>\n<li>procijenjena vrijednost u\u010dinkovitosti: 92,9%<\/li>\n<\/ul>\n<\/td>\n<td>REZULTATI S DODATKOM:<\/p>\n<ul>\n<li>temperatura plinova: 134,8\u00b0C<\/li>\n<li>koli\u010dina CO2: 12,0 %<\/li>\n<li>koli\u010dina CO: 4 mg\/m3<\/li>\n<li>toplinski gubici: 5,7%<\/li>\n<li>procijenjena vrijednost u\u010dinkovitosti: 94,3%<\/li>\n<\/ul>\n<\/td>\n<\/tr>\n<\/tbody>\n<\/table>\n<div>\u00a0 \u00a0<a href=\"http:\/\/www.mirasoul.si\/aditivi\/aditiv-mirasoul-heating-oil\/rezultat_1_ho\/\" rel=\"attachment wp-att-261\"><img loading=\"lazy\" title=\"Rezultat brez dodatka\" src=\"http:\/\/www.mirasoul.si\/wp-content\/uploads\/2011\/11\/rezultat_1_ho-e1323807593906.jpg\" alt=\"\" width=\"250\" height=\"533\" \/><\/a>\u00a0 \u00a0 \u00a0 \u00a0 \u00a0 \u00a0 \u00a0 \u00a0 \u00a0 \u00a0 \u00a0\u00a0<a href=\"http:\/\/www.mirasoul.si\/aditivi\/aditiv-mirasoul-heating-oil\/rezultat_2_ho\/\" rel=\"attachment wp-att-260\"><img loading=\"lazy\" title=\"Rezultat z dodatkom\" src=\"http:\/\/www.mirasoul.si\/wp-content\/uploads\/2011\/11\/rezultat_2_ho-e1323807611192.jpg\" alt=\"\" width=\"250\" height=\"533\" \/><\/a><\/div>\n<p><\/p>","protected":false},"excerpt":{"rendered":"<p>Aditiv Mirasoul\u00a0HEATING OIL\u00a0koristimo kao dodatak lo\u017e ulju. Mirasoul HEATING OIL smanjuje potro\u0161nju lo\u017eivog ulja, emisije \u0161tetnih plinova i produljuje vijek trajanja na komponentama naprava koje dobivaju toplinu za grijanje. Npr.: CISTERNE (sprje\u010dava koroziju i smanjuje potrebu za \u010di\u0161\u0107enjem) CJEVOVODI (sprje\u010dava koroziju) FILTRI (sprje\u010dava zapu\u0161avanje) PLAMENICI (pobolj\u0161ava iskoristivost energije, omogu\u0107uje lak\u0161e djelovanje, lak\u0161e paljenje) DIMNJACI (sprje\u010dava [&hellip;]<\/p>\n","protected":false},"author":1,"featured_media":0,"parent":26,"menu_order":0,"comment_status":"closed","ping_status":"closed","template":"","meta":[],"_links":{"self":[{"href":"https:\/\/www.mirasoul.si\/hr\/wp-json\/wp\/v2\/pages\/74"}],"collection":[{"href":"https:\/\/www.mirasoul.si\/hr\/wp-json\/wp\/v2\/pages"}],"about":[{"href":"https:\/\/www.mirasoul.si\/hr\/wp-json\/wp\/v2\/types\/page"}],"author":[{"embeddable":true,"href":"https:\/\/www.mirasoul.si\/hr\/wp-json\/wp\/v2\/users\/1"}],"replies":[{"embeddable":true,"href":"https:\/\/www.mirasoul.si\/hr\/wp-json\/wp\/v2\/comments?post=74"}],"version-history":[{"count":93,"href":"https:\/\/www.mirasoul.si\/hr\/wp-json\/wp\/v2\/pages\/74\/revisions"}],"predecessor-version":[{"id":25819,"href":"https:\/\/www.mirasoul.si\/hr\/wp-json\/wp\/v2\/pages\/74\/revisions\/25819"}],"up":[{"embeddable":true,"href":"https:\/\/www.mirasoul.si\/hr\/wp-json\/wp\/v2\/pages\/26"}],"wp:attachment":[{"href":"https:\/\/www.mirasoul.si\/hr\/wp-json\/wp\/v2\/media?parent=74"}],"curies":[{"name":"wp","href":"https:\/\/api.w.org\/{rel}","templated":true}]}}