{"id":85,"date":"2011-11-23T12:36:06","date_gmt":"2011-11-23T12:36:06","guid":{"rendered":"http:\/\/www.mirasoul.si\/?page_id=85"},"modified":"2020-11-16T13:58:49","modified_gmt":"2020-11-16T13:58:49","slug":"o-nas","status":"publish","type":"page","link":"https:\/\/www.mirasoul.si\/hr\/o-nas\/","title":{"rendered":"O NAMA"},"content":{"rendered":"<p><strong>Mirasoul d.o.o.<\/strong><\/p>\n<p>Prvo smo specijalizirano poduze\u0107e u Sloveniji s inovativnim rje\u0161enjima za za\u0161titu okoli\u0161a kori\u0161tenjem prikladnije energije, na temelju manje potro\u0161nje goriva i \u010di\u0161\u0107eg sagorijevanja.<\/p>\n<p>Osnovna djelatnost poduze\u0107a Mirasoul je proizvodnja i prodaja aditiva Mirasoul biodiesel (dodatka za dizelsko i biodizelsko gorivo) te aditiva Mirasoul heating oil (dodatka za lo\u017eivo ulje).<\/p>\n<p>Na\u0161e osnovne zada\u0107e su stru\u010dno savjetovanje, brz odaziv, kvalitetne usluge i ponuda proizvoda po povoljnim cijenama. To posti\u017eemo samostalno, ja\u010danjem dugoro\u010dnih poslovnih veza i partnerskih odnosa na podru\u010dju razvoja, opskrbe proizvodima i prodaje.<\/p>\n<p>Budu\u0107i da smo brzi, snala\u017eljivi, u\u010dinkoviti i inovativni, znamo se nositi sa svakojakim izazovima, bez obzira na zahtjevnost projekta. Time ispunjavamo o\u010dekivanja svojih partnera i dokazujemo da imamo prava rje\u0161enja i ozbiljne ciljeve.<\/p>\n<p>Prodaju osiguravamo na podru\u010dju cijele Slovenije, kao i izvan na\u0161ih granica. Na\u0161i proizvodi su sto posto provjereni i sigurni za uporabu.<\/p>","protected":false},"excerpt":{"rendered":"<p>Mirasoul d.o.o. Prvo smo specijalizirano poduze\u0107e u Sloveniji s inovativnim rje\u0161enjima za za\u0161titu okoli\u0161a kori\u0161tenjem prikladnije energije, na temelju manje potro\u0161nje goriva i \u010di\u0161\u0107eg sagorijevanja. Osnovna djelatnost poduze\u0107a Mirasoul je proizvodnja i prodaja aditiva Mirasoul biodiesel (dodatka za dizelsko i biodizelsko gorivo) te aditiva Mirasoul heating oil (dodatka za lo\u017eivo ulje). Na\u0161e osnovne zada\u0107e su [&hellip;]<\/p>\n","protected":false},"author":1,"featured_media":0,"parent":0,"menu_order":0,"comment_status":"closed","ping_status":"closed","template":"","meta":[],"_links":{"self":[{"href":"https:\/\/www.mirasoul.si\/hr\/wp-json\/wp\/v2\/pages\/85"}],"collection":[{"href":"https:\/\/www.mirasoul.si\/hr\/wp-json\/wp\/v2\/pages"}],"about":[{"href":"https:\/\/www.mirasoul.si\/hr\/wp-json\/wp\/v2\/types\/page"}],"author":[{"embeddable":true,"href":"https:\/\/www.mirasoul.si\/hr\/wp-json\/wp\/v2\/users\/1"}],"replies":[{"embeddable":true,"href":"https:\/\/www.mirasoul.si\/hr\/wp-json\/wp\/v2\/comments?post=85"}],"version-history":[{"count":18,"href":"https:\/\/www.mirasoul.si\/hr\/wp-json\/wp\/v2\/pages\/85\/revisions"}],"predecessor-version":[{"id":25821,"href":"https:\/\/www.mirasoul.si\/hr\/wp-json\/wp\/v2\/pages\/85\/revisions\/25821"}],"wp:attachment":[{"href":"https:\/\/www.mirasoul.si\/hr\/wp-json\/wp\/v2\/media?parent=85"}],"curies":[{"name":"wp","href":"https:\/\/api.w.org\/{rel}","templated":true}]}}