{"id":11,"date":"2011-07-26T13:45:26","date_gmt":"2011-07-26T13:45:26","guid":{"rendered":"http:\/\/www.mirasoul.si\/?page_id=11"},"modified":"2020-11-16T13:59:14","modified_gmt":"2020-11-16T13:59:14","slug":"splosni-pogoji","status":"publish","type":"page","link":"https:\/\/www.mirasoul.si\/it\/splosni-pogoji\/","title":{"rendered":"Condizioni generali"},"content":{"rendered":"<p><strong>Condizioni generali per l\u00b4uso del sito: www.mirasoul.si <\/strong><\/p>\n<p><strong>I.<\/strong><\/p>\n<p>L\u00b4azienda Mirasoul d.o.o. pu\u00f2 usare gli indirizzi e-mail, raccolti dai visitatori del sito web, ai fini di invio di e-news. Con questo si impegna a salvaguardare tutti i dati personali in conformit\u00e0 conla Leggedella protezione dei dati personali e gli utilizzer\u00e0 solo per uso interno e non saranno inoltrati ad altre persone fisiche e giuridiche. Per impedire l&#8217;accesso non autorizzato a queste informazioni e garantire la loro corretta applicazione, l&#8217;azienda Mirasoul d.o.o. utilizzer\u00e0 appropriate procedure tecniche e manageriali per salvaguardare i dati raccolti.<\/p>\n<p><strong>II. <\/strong><\/p>\n<p>Materiale visivo e contenuti pubblicati sul sito <strong>www.mirasoul.si<\/strong>, sono di propriet\u00e0 del Mirasoul d.o.o. e possono essere utilizzati solo per scopi non commerciali, ma devono mantenere tutte le avvertenze sui diritti d&#8217;autore e non possono essere copiati, riprodotti o distribuiti senza il permesso scritto \u00a0del proprietario. Mirasoul d.o.o. non \u00e8 responsabile per la progettazione e il contenuto di siti web che sono correlati in qualsiasi modo con il sito www.mirasoul.si. La responsabilit\u00e0 della societ\u00e0 Mirasoul d.o.o. e` esclusa in ogni caso quando si visita e l&#8217;utilizza siti web correlati. Mirasoul d.o.o. non \u00e8 responsabile per il malfunzionamento occasionale del sito, inesattezza delle informazioni, n\u00e9 per eventuali danni derivanti dall&#8217;uso d\u00b4informazioni inesatte o incomplete.<\/p>\n<p><strong>III.<\/strong><\/p>\n<p>L\u00b4azienda Mirasoul d.o.o. cercher\u00e0 di garantire che i dati sul sito <a href=\"http:\/\/www.mirasoul.si\/\">www.mirasoul.si<\/a> siano corretti e aggiornati, ma ne Mirasoul d.o.o., ne altre persone fisiche o giuridiche che sono state coinvolte nella progettazione del sito o stanno partecipando ad aggiornare il sito web ,non possono essere ritenuti responsabili per danni o perdite di profitto o di danno non\u00a0 patrimoniale dell\u00b4utente,che potrebbe derivare\u00a0 dall&#8217;uso del sito web o dall&#8217;impossibilit\u00e0 di usarlo.<\/p>\n<p><strong>VI.<\/strong><\/p>\n<p>Mirasoul d.o.o. si riserva il diritto di modificare il contenuto delle pagine web. Con la pubblicazione di questi Termini e Condizioni dell\u2019utilizzo del sito web www.mirasoul.si queste condizioni entreranno in vigore. Usando il sito web www.mirasoul.si, l\u00b4utente conferma di aver accettato le condizioni descritte e che \u00e8 d&#8217;accordo con loro.<\/p>","protected":false},"excerpt":{"rendered":"<p>Condizioni generali per l\u00b4uso del sito: www.mirasoul.si I. L\u00b4azienda Mirasoul d.o.o. pu\u00f2 usare gli indirizzi e-mail, raccolti dai visitatori del sito web, ai fini di invio di e-news. Con questo si impegna a salvaguardare tutti i dati personali in conformit\u00e0 conla Leggedella protezione dei dati personali e gli utilizzer\u00e0 solo per uso interno e non [&hellip;]<\/p>\n","protected":false},"author":1,"featured_media":0,"parent":0,"menu_order":0,"comment_status":"closed","ping_status":"closed","template":"","meta":[],"_links":{"self":[{"href":"https:\/\/www.mirasoul.si\/it\/wp-json\/wp\/v2\/pages\/11"}],"collection":[{"href":"https:\/\/www.mirasoul.si\/it\/wp-json\/wp\/v2\/pages"}],"about":[{"href":"https:\/\/www.mirasoul.si\/it\/wp-json\/wp\/v2\/types\/page"}],"author":[{"embeddable":true,"href":"https:\/\/www.mirasoul.si\/it\/wp-json\/wp\/v2\/users\/1"}],"replies":[{"embeddable":true,"href":"https:\/\/www.mirasoul.si\/it\/wp-json\/wp\/v2\/comments?post=11"}],"version-history":[{"count":11,"href":"https:\/\/www.mirasoul.si\/it\/wp-json\/wp\/v2\/pages\/11\/revisions"}],"predecessor-version":[{"id":25822,"href":"https:\/\/www.mirasoul.si\/it\/wp-json\/wp\/v2\/pages\/11\/revisions\/25822"}],"wp:attachment":[{"href":"https:\/\/www.mirasoul.si\/it\/wp-json\/wp\/v2\/media?parent=11"}],"curies":[{"name":"wp","href":"https:\/\/api.w.org\/{rel}","templated":true}]}}