{"id":85,"date":"2011-11-23T12:36:06","date_gmt":"2011-11-23T12:36:06","guid":{"rendered":"http:\/\/www.mirasoul.si\/?page_id=85"},"modified":"2020-11-16T13:58:49","modified_gmt":"2020-11-16T13:58:49","slug":"o-nas","status":"publish","type":"page","link":"https:\/\/www.mirasoul.si\/it\/o-nas\/","title":{"rendered":"CHI SIAMO"},"content":{"rendered":"<p><strong>Mirasoul d.o.o.<\/strong><\/p>\n<p>Siamo la prima azienda specializzata in Slovenia, con soluzioni innovative per la salvaguardia dell\u00b4ambiente con l\u00b4utilizzo di energia ecologica,sulla base del minor consumo di carburante e combustione pi\u00f9 pulita.<\/p>\n<p>L\u00b4attivit\u00e0 principale dell\u00b4azienda Mirasoul \u00e8 la produzione e la vendita dell\u2019additivo Mirasoul biodiesel (aggiuntivo per carburanti diesel e biodiesel) e additivo Mirasoul heating oil (aggiuntivo per gasolio).<\/p>\n<p>Il nostro obiettivo principale \u00e8 la consulenza professionale, tempo di risposta rapido, servizi di qualit\u00e0 e offrire prodotti a prezzi convenienti. Ci\u00f2 \u00e8 ottenuto in modo indipendente rafforzando i legami commerciali a lungo termine e partnership nell\u00b4ambito dello sviluppo, fornitura dei prodotti e del marketing.<\/p>\n<p>Siccome siamo veloci, intraprendenti, lavorativi e innovativi, sappiamo affrontare qualsiasi sfida, indipendentemente dalla difficolt\u00e0 del progetto. Con questo realizziamo le aspettative dei nostri partner e dimostriamo che abbiamo soluzioni reali e intenzioni serie.<\/p>\n<p>La vendita \u00e8 garantita su tutto il territorio della Slovenia cosi come anche oltre i nostri confini. I nostri prodotti sono testati al 100% e sono sicuri da usare.<\/p>","protected":false},"excerpt":{"rendered":"<p>Mirasoul d.o.o. Siamo la prima azienda specializzata in Slovenia, con soluzioni innovative per la salvaguardia dell\u00b4ambiente con l\u00b4utilizzo di energia ecologica,sulla base del minor consumo di carburante e combustione pi\u00f9 pulita. L\u00b4attivit\u00e0 principale dell\u00b4azienda Mirasoul \u00e8 la produzione e la vendita dell\u2019additivo Mirasoul biodiesel (aggiuntivo per carburanti diesel e biodiesel) e additivo Mirasoul heating oil [&hellip;]<\/p>\n","protected":false},"author":1,"featured_media":0,"parent":0,"menu_order":0,"comment_status":"closed","ping_status":"closed","template":"","meta":[],"_links":{"self":[{"href":"https:\/\/www.mirasoul.si\/it\/wp-json\/wp\/v2\/pages\/85"}],"collection":[{"href":"https:\/\/www.mirasoul.si\/it\/wp-json\/wp\/v2\/pages"}],"about":[{"href":"https:\/\/www.mirasoul.si\/it\/wp-json\/wp\/v2\/types\/page"}],"author":[{"embeddable":true,"href":"https:\/\/www.mirasoul.si\/it\/wp-json\/wp\/v2\/users\/1"}],"replies":[{"embeddable":true,"href":"https:\/\/www.mirasoul.si\/it\/wp-json\/wp\/v2\/comments?post=85"}],"version-history":[{"count":13,"href":"https:\/\/www.mirasoul.si\/it\/wp-json\/wp\/v2\/pages\/85\/revisions"}],"predecessor-version":[{"id":25821,"href":"https:\/\/www.mirasoul.si\/it\/wp-json\/wp\/v2\/pages\/85\/revisions\/25821"}],"wp:attachment":[{"href":"https:\/\/www.mirasoul.si\/it\/wp-json\/wp\/v2\/media?parent=85"}],"curies":[{"name":"wp","href":"https:\/\/api.w.org\/{rel}","templated":true}]}}