{"id":11,"date":"2011-07-26T13:45:26","date_gmt":"2011-07-26T13:45:26","guid":{"rendered":"http:\/\/www.mirasoul.si\/?page_id=11"},"modified":"2020-11-16T13:59:14","modified_gmt":"2020-11-16T13:59:14","slug":"splosni-pogoji","status":"publish","type":"page","link":"https:\/\/www.mirasoul.si\/sk\/splosni-pogoji\/","title":{"rendered":"V\u0161eobecne podmienky pou\u017e\u00edvania"},"content":{"rendered":"<p><strong>Podmienky pou\u017e\u00edvania internetovej str\u00e1nky\u00a0<\/strong><a href=\"http:\/\/www.mirasoul.si\/\"><strong>www.mirasoul.si<\/strong><\/a><strong><\/strong><\/p>\n<p><strong>I.<\/strong><\/p>\n<p>Podnik Mirasoul s.r.o. m\u00f4\u017ee e-mailov\u00e9 adresy u\u017e\u00edvate\u013eov, kotr\u00e9 s\u00fa zhroma\u017eden\u00e9 na internetov\u00fdch str\u00e1nkach podniku, pou\u017ei\u0165 na \u00fa\u010dely zasielania e-noviniek. Pritom sa zav\u00e4zuje, \u017ee bude chr\u00e1ni\u0165 v\u0161etky osobn\u00e9 \u00fadaje v s\u00falade so Z\u00e1konom o ochrane osobn\u00fdch \u00fadajov. E-mailov\u00e9 adresy budu pou\u017eit\u00e9 len pre intern\u00e9 pou\u017eitie a nebud\u00fa poskytnut\u00e9 in\u00fdm fyzick\u00fdm alebo pr\u00e1vnick\u00fdm osob\u00e1m. Aby sa zabr\u00e1nilo neopr\u00e1vnen\u00e9mu pr\u00edstupu k t\u00fdmto inform\u00e1ci\u00e1m a zabezpe\u010dilo ich vhodn\u00e9 pou\u017eitie, bude spolo\u010dnos\u0165 Mirasoul s.r.o. pou\u017e\u00edva\u0165 vhodn\u00e9 technick\u00e9 a organiza\u010dn\u00e9 postupy pre bezpe\u010dnos\u0165 zhroma\u017eden\u00fdch inform\u00e1cii.<\/p>\n<p><strong>II.<\/strong><\/p>\n<p>Vizu\u00e1lny materi\u00e1l a obsah internetov\u00fdch str\u00e1nok www.mirasoul.si s\u00fa du\u0161evn\u00fdm vlastn\u00edctvom spolo\u010denstva Mirasoul s.r.o. a m\u00f4\u017eu by\u0165 pou\u017eit\u00e9 len pre nekomer\u010dn\u00e9 \u00fa\u010dely, ale musia zachova\u0165 v\u0161etky uveden\u00e9 upozornenia a tak sa bez predch\u00e1dzaj\u00faceho p\u00edsomn\u00e9ho s\u00fahlasu Mirasoul s.r.o. nesm\u00fa ani meni\u0165, kop\u00edrova\u0165, rozmno\u017eova\u0165 alebo ak\u00fdmko\u013evek in\u00fdm sp\u00f4sobom pou\u017eiva\u0165. Mirasoul s.r.o. nezodpoved\u00e1 za dizajn a obsah internetov\u00fdch str\u00e1nok, ktor\u00e9 s\u00fa \u017eiadnym sp\u00f4sobom v s\u00favislosti s internetovou str\u00e1nkou www.mirasoul.si. Pri n\u00e1v\u0161teve a pou\u017eit\u00ed internetov\u00fdch str\u00e1nok v s\u00favislosti s internetovou str\u00e1nkou je zodpovednos\u0165 spolo\u010dnosti Mirasoul s.r.o. vo v\u0161etk\u00fdch pr\u00edpadoch vyl\u00fa\u010den\u00e1. Mirasoul s.r.o. nezodpoved\u00e1 za \u010dasy ke\u010f je str\u00e1nka nedostupn\u00e1, nespr\u00e1vnos\u0165 inform\u00e1ci\u00ed a ak\u00e9ko\u013evek \u0161kody, ktor\u00e9 vznikn\u00fa pou\u017eit\u00edm nespr\u00e1vnych alebo ne\u00fapln\u00fdch inform\u00e1ci\u00ed.<\/p>\n<p><strong>III.<\/strong><\/p>\n<p>Podnik Mirasoul s.r.o. ma snahu o to, \u017ee s\u00fa inform\u00e1cie na webov\u00fdch str\u00e1nkach www.mirasoul.si spr\u00e1vne a aktualizovan\u00e9. Mirasoul s.r.o. alebo in\u00e1 pr\u00e1vnick\u00e1 alebo fyzick\u00e1 osoba, ktor\u00e1 spolupracovala pri vytvoren\u00ed internetovej str\u00e1nky alebo st\u00e1le spolupracuje pri aktualiz\u00e1cii internetovej str\u00e1nky, nem\u00f4\u017ee by\u0165 zodpovedn\u00e1 za oby\u010dajn\u00fa \u0161kodu alebo u\u0161l\u00fd zisk alebo nemajetkov\u00fa ujmu, ktor\u00e1 by mohla vznikn\u00fa\u0165 u\u017e\u00edvate\u013eovi kv\u00f4li pou\u017eitiu internetovej str\u00e1nky alebo nemo\u017enos\u0165ou pou\u017eitia internetovej str\u00e1nky.<\/p>\n<p><strong>VI.<\/strong><\/p>\n<p>Mirasoul s.r.o. si vyhradzuje pr\u00e1vo na zmenu obsahu na svojich internetov\u00fdch str\u00e1nkach. V\u0161eobecne podmienky pou\u017e\u00edvania internetovej str\u00e1nky www.mirasoul.si nadob\u00fadaj\u00fa platnos\u0165 so zverejnen\u00edm t\u00fdchto podmienok. Pou\u017e\u00edvan\u00edm internetovej str\u00e1nky www.mirasoul.si u\u017e\u00edvate\u013e potvrdzuje, \u017ee prijal uveden\u00e9 podmienky a \u017ee s nimi s\u00fahlas\u00ed.<\/p>","protected":false},"excerpt":{"rendered":"<p>Podmienky pou\u017e\u00edvania internetovej str\u00e1nky\u00a0www.mirasoul.si I. Podnik Mirasoul s.r.o. m\u00f4\u017ee e-mailov\u00e9 adresy u\u017e\u00edvate\u013eov, kotr\u00e9 s\u00fa zhroma\u017eden\u00e9 na internetov\u00fdch str\u00e1nkach podniku, pou\u017ei\u0165 na \u00fa\u010dely zasielania e-noviniek. Pritom sa zav\u00e4zuje, \u017ee bude chr\u00e1ni\u0165 v\u0161etky osobn\u00e9 \u00fadaje v s\u00falade so Z\u00e1konom o ochrane osobn\u00fdch \u00fadajov. E-mailov\u00e9 adresy budu pou\u017eit\u00e9 len pre intern\u00e9 pou\u017eitie a nebud\u00fa poskytnut\u00e9 in\u00fdm fyzick\u00fdm alebo [&hellip;]<\/p>\n","protected":false},"author":1,"featured_media":0,"parent":0,"menu_order":0,"comment_status":"closed","ping_status":"closed","template":"","meta":[],"_links":{"self":[{"href":"https:\/\/www.mirasoul.si\/sk\/wp-json\/wp\/v2\/pages\/11"}],"collection":[{"href":"https:\/\/www.mirasoul.si\/sk\/wp-json\/wp\/v2\/pages"}],"about":[{"href":"https:\/\/www.mirasoul.si\/sk\/wp-json\/wp\/v2\/types\/page"}],"author":[{"embeddable":true,"href":"https:\/\/www.mirasoul.si\/sk\/wp-json\/wp\/v2\/users\/1"}],"replies":[{"embeddable":true,"href":"https:\/\/www.mirasoul.si\/sk\/wp-json\/wp\/v2\/comments?post=11"}],"version-history":[{"count":7,"href":"https:\/\/www.mirasoul.si\/sk\/wp-json\/wp\/v2\/pages\/11\/revisions"}],"predecessor-version":[{"id":25822,"href":"https:\/\/www.mirasoul.si\/sk\/wp-json\/wp\/v2\/pages\/11\/revisions\/25822"}],"wp:attachment":[{"href":"https:\/\/www.mirasoul.si\/sk\/wp-json\/wp\/v2\/media?parent=11"}],"curies":[{"name":"wp","href":"https:\/\/api.w.org\/{rel}","templated":true}]}}