{"id":67,"date":"2011-11-23T10:49:14","date_gmt":"2011-11-23T10:49:14","guid":{"rendered":"http:\/\/www.mirasoul.si\/?page_id=67"},"modified":"2020-11-16T13:56:52","modified_gmt":"2020-11-16T13:56:52","slug":"aditiv-mirasoul-biodiesel","status":"publish","type":"page","link":"https:\/\/www.mirasoul.si\/sk\/aditivi\/aditiv-mirasoul-biodiesel\/","title":{"rendered":"MIRASOUL (BIO)DIESEL"},"content":{"rendered":"<p>Adit\u00edva Mirasoul prid\u00e1vame do palivovej n\u00e1dr\u017ee po naplnen\u00ed. Pr\u00edsada funguje na princ\u00edpe rozkladu molek\u00fal paliva na najmen\u0161ie mo\u017en\u00e9 \u010dastice. T\u00fdm sa palivu zmeni \u0161truktura a v d\u00f4sledku toho sa zlep\u0161i aj jeho kvalita a v\u00fdhrevnos\u0165.<br \/>\nPr\u00edsada Mirasoul je v\u00fdroben\u00e1 na z\u00e1klade organickej nafty (bez pridan\u00fdch acetenov, benz\u00e9nov, at\u010f.) a nesp\u00f4sobuje \u017eiadne ved\u013eaj\u0161ie a ne\u017eiaduce \u00fa\u010dinky. Je vhodn\u00e1 pre v\u0161etky typy dieselov\u00fdch motorov a gener\u00e1torov.<\/p>\n<table style=\"width: 100%;\" border=\"0\">\n<tbody>\n<tr>\n<td style=\"text-align: center;\"><strong>no aditiva\u00a0<\/strong>(160x zoom)<\/td>\n<td style=\"text-align: center;\"><strong>s aditivam\u00a0<\/strong>(160x zoom)<\/td>\n<\/tr>\n<tr>\n<td><a href=\"http:\/\/www.mirasoul.si\/aditivi\/aditiv-mirasoul-biodiesel\/pred\/\" rel=\"attachment wp-att-355\"><img loading=\"lazy\" class=\"aligncenter\" title=\"pred\" src=\"http:\/\/www.mirasoul.si\/wp-content\/uploads\/2011\/11\/pred.png\" alt=\"\" width=\"250\" height=\"116\" \/><\/a><\/td>\n<td>\u00a0<a href=\"http:\/\/www.mirasoul.si\/aditivi\/aditiv-mirasoul-biodiesel\/po\/\" rel=\"attachment wp-att-356\"><img loading=\"lazy\" class=\"aligncenter\" title=\"po\" src=\"http:\/\/www.mirasoul.si\/wp-content\/uploads\/2011\/11\/po.png\" alt=\"\" width=\"250\" height=\"116\" \/><\/a><\/td>\n<\/tr>\n<\/tbody>\n<\/table>\n<p>&nbsp;<\/p>\n<ul>\n<li>Je pr\u00edsada pre diesel a biodiesel. Vhodn\u00fd je pre v\u0161etky typy naftov\u00fdch motorov a gener\u00e1torov.<\/li>\n<li>Je ve\u013emi kvalitn\u00e1 pr\u00edsada, ktor\u00e1 \u00fa\u010dinne ovplyv\u0148uje fungovanie v\u0161etk\u00fdch dieselov\u00fdch motorov dopravn\u00fdch a priemyseln\u00fdch vozidiel, gener\u00e1torov a strojov.<\/li>\n<li>Zni\u017euje spotrebu paliva, zvy\u0161uje kr\u00fatiaci moment a t\u00fdm v\u00fdkon motora.<\/li>\n<li>Poskytuje lep\u0161\u00ed prietok paliva, jeho rozpra\u0161ovanie a spa\u013eovanie.<\/li>\n<li>Ovplyv\u0148uje trakciu, optim\u00e1lne mie\u0161anie paliva a vzduchu, a z\u00e1rove\u0148 poskytuje hlad\u0161iu jazdu a tich\u0161iu prev\u00e1dzku motora.<\/li>\n<li>Mast\u00ed, \u010dist\u00ed a chr\u00e1ni vstrekova\u010de paliva, \u010derpadl\u00e1, filtre, valce a turbod\u00fachadl\u00e1. To umo\u017e\u0148uje optim\u00e1lny v\u00fdkon motora, zni\u017euje opotrebenie, zabra\u0148uje kor\u00f3zii a predl\u017euje \u017eivotnos\u0165 syst\u00e9mu.<\/li>\n<li>Je tie\u017e u\u017eito\u010dn\u00fdm dodatkom pri skladovan\u00ed pal\u00edv, lebo jeho prev\u00e1dzka zni\u017euje kor\u00f3zii a zni\u017euje potrebu \u010dast\u00e9ho \u010distenia n\u00e1dr\u017e\u00ed a zariaden\u00ed<\/li>\n<li>Umo\u017e\u0148uje, \u017ee motor funguje plynule pri n\u00edzkych zimn\u00fdch teplot\u00e1ch. Vzh\u013eadom k tomu, \u017ee sa zvy\u0161uje hor\u013eavos\u0165 paliva, je zapa\u013eovanie jednoduch\u0161ie a r\u00fdchlej\u0161ie.<\/li>\n<li>Jeho fungovan\u00edm zni\u017euje obsah pevn\u00fdch \u010dast\u00edc a \u010fal\u0161\u00edch plynov vo v\u00fdfukov\u00fdch plynoch, a preto jeho u\u017e\u00edvan\u00edm nepriamo ovplyv\u0148ujeme na ochranu pr\u00edrody.<\/li>\n<\/ul>\n<p>&nbsp;<\/p>\n<p><span style=\"text-decoration: underline;\">\u2026 alebo stru\u010dne \u2026<\/span><\/p>\n<ul>\n<li>Zni\u017euje mno\u017estvo sazov\u00fdch \u010d\u00e1stic a v\u00fdsledn\u00e9 zne\u010distenie \u017eivotn\u00e9ho prostredia,<\/li>\n<li>zni\u017euje spotrebu paliva,<\/li>\n<li>predl\u017euje \u017eivotnos\u0165 motora,<\/li>\n<li>zvy\u0161uje kr\u00fatiaci moment a v\u00fdkon motora<\/li>\n<li>chr\u00e1ni motor<\/li>\n<li>zlep\u0161uje kvalitu spa\u013eovania,<\/li>\n<li>zabra\u0148uje tvorbe usaden\u00edn v syst\u00e9me pr\u00edvodu paliva,<\/li>\n<li>ovplyv\u0148uje na optim\u00e1lnu zmie\u0161aninu paliva a vzduchu,<\/li>\n<li>zabra\u0148uje kor\u00f3zii,<\/li>\n<li>poskytuje hlad\u0161iu jazdu a tich\u0161iu prev\u00e1dzku motora,<\/li>\n<li>umo\u017e\u0148uje r\u00fdchlej\u0161ie zapa\u013eovanie a plynul\u00fd v\u00fdkon motora pri n\u00edzkych teplot\u00e1ch.<\/li>\n<\/ul>\n<p>&nbsp;<\/p>\n<p><strong><span style=\"text-decoration: underline;\">Pou\u017eitie a d\u00e1vkovanie:<\/span><\/strong><\/p>\n<p>Mirasoul adit\u00edva sa prid\u00e1vaj\u00fa v pomere 1:1000<\/p>\n<p>Pr\u00edklad: 1L adit\u00edva na 1000 L nafty alebo bionafty. (60 ml adit\u00edva do 60l n\u00e1dr\u017ee automobilu)<\/p>\n<ul>\n<li>Adit\u00edva sa odpor\u00fa\u010da pou\u017e\u00edva\u0165 pravidelne, bez preru\u0161enia,to je jedin\u00fd sp\u00f4sob, \u017ee \u00fa\u010dinok bude lep\u0161\u00ed a trval\u00fd.<\/li>\n<li>Nikdy ned\u00e1vkujeme menej, ale sk\u00f4r viac! Nadu\u017e\u00edvanie nie je mo\u017en\u00e9.<\/li>\n<\/ul>\n<p><a href=\"http:\/\/www.mirasoul.si\/aditivi\/aditiv-mirasoul-biodiesel\/mirasoul_embalaze\/\" rel=\"attachment wp-att-466\"><img loading=\"lazy\" class=\"alignnone size-full wp-image-466\" title=\"mirasoul_embalaze\" src=\"http:\/\/www.mirasoul.si\/wp-content\/uploads\/2011\/11\/mirasoul_embalaze.png\" alt=\"\" width=\"632\" height=\"480\" \/><\/a><\/p>\n<p><strong><span style=\"text-decoration: underline;\">D\u00d4LE\u017dIT\u00c9!!!<\/span><\/strong><\/p>\n<p><strong>Adit\u00edva v\u017edy prid\u00e1me na konci ka\u017ed\u00e9ho plnenia!!!<\/strong><\/p>","protected":false},"excerpt":{"rendered":"<p>Adit\u00edva Mirasoul prid\u00e1vame do palivovej n\u00e1dr\u017ee po naplnen\u00ed. Pr\u00edsada funguje na princ\u00edpe rozkladu molek\u00fal paliva na najmen\u0161ie mo\u017en\u00e9 \u010dastice. T\u00fdm sa palivu zmeni \u0161truktura a v d\u00f4sledku toho sa zlep\u0161i aj jeho kvalita a v\u00fdhrevnos\u0165. Pr\u00edsada Mirasoul je v\u00fdroben\u00e1 na z\u00e1klade organickej nafty (bez pridan\u00fdch acetenov, benz\u00e9nov, at\u010f.) a nesp\u00f4sobuje \u017eiadne ved\u013eaj\u0161ie a ne\u017eiaduce \u00fa\u010dinky. [&hellip;]<\/p>\n","protected":false},"author":1,"featured_media":0,"parent":26,"menu_order":0,"comment_status":"closed","ping_status":"closed","template":"","meta":[],"_links":{"self":[{"href":"https:\/\/www.mirasoul.si\/sk\/wp-json\/wp\/v2\/pages\/67"}],"collection":[{"href":"https:\/\/www.mirasoul.si\/sk\/wp-json\/wp\/v2\/pages"}],"about":[{"href":"https:\/\/www.mirasoul.si\/sk\/wp-json\/wp\/v2\/types\/page"}],"author":[{"embeddable":true,"href":"https:\/\/www.mirasoul.si\/sk\/wp-json\/wp\/v2\/users\/1"}],"replies":[{"embeddable":true,"href":"https:\/\/www.mirasoul.si\/sk\/wp-json\/wp\/v2\/comments?post=67"}],"version-history":[{"count":20,"href":"https:\/\/www.mirasoul.si\/sk\/wp-json\/wp\/v2\/pages\/67\/revisions"}],"predecessor-version":[{"id":25818,"href":"https:\/\/www.mirasoul.si\/sk\/wp-json\/wp\/v2\/pages\/67\/revisions\/25818"}],"up":[{"embeddable":true,"href":"https:\/\/www.mirasoul.si\/sk\/wp-json\/wp\/v2\/pages\/26"}],"wp:attachment":[{"href":"https:\/\/www.mirasoul.si\/sk\/wp-json\/wp\/v2\/media?parent=67"}],"curies":[{"name":"wp","href":"https:\/\/api.w.org\/{rel}","templated":true}]}}