{"id":74,"date":"2011-11-23T11:35:10","date_gmt":"2011-11-23T11:35:10","guid":{"rendered":"http:\/\/www.mirasoul.si\/?page_id=74"},"modified":"2020-11-16T13:57:14","modified_gmt":"2020-11-16T13:57:14","slug":"aditiv-mirasoul-heating-oil","status":"publish","type":"page","link":"https:\/\/www.mirasoul.si\/sk\/aditivi\/aditiv-mirasoul-heating-oil\/","title":{"rendered":"MIRASOUL HEATING OIL"},"content":{"rendered":"<p>Adit\u00edva Mirasoul <strong>HEATING OIL<\/strong> pou\u017e\u00edvame ako pr\u00edsadu do vykurovacieho oleja.<\/p>\n<p>Mirasoul HEATING OIL zni\u017euje spotrebu nafty, emisie \u0161kodliv\u00fdch plynov a predl\u017euje \u017eivotnos\u0165 s\u00fa\u010dast\u00ed zariadenia, ktor\u00e9 produkuj\u00fa teplo na vykurovanie.<\/p>\n<p>Na pr\u00edklad:<\/p>\n<ul>\n<li>CISTERNOV\u00c9 VOZIDL\u00c1 (aby sa zabr\u00e1nilo nepotrebn\u00e9 \u010distenie a kor\u00f3zia)<\/li>\n<li>POTRUBIE (zabra\u0148uje kor\u00f3zii)<\/li>\n<li>FILTRY (zabra\u0148uje uzatv\u00e1ranie)<\/li>\n<li>HOR\u00c1KY (zlep\u0161i energetick\u00fa \u00fa\u010dinnos\u0165, umo\u017e\u0148uje tich\u0161iu prev\u00e1dzku, jednoduch\u0161ie zapa\u013eovanie)<\/li>\n<li>KOM\u00cdNY (zabra\u0148uje hromadenie sazov\u00fdch \u010d\u00e1stic)<\/li>\n<li>V\u00ddFUKOV\u00c9 PLYNY A SAZOV\u00c9 \u010c\u00c1STICE (zni\u017euje emisie \u0161kodliv\u00fdch plynov a sazov\u00fdch \u010d\u00e1stic)<\/li>\n<\/ul>\n<p>&nbsp;<\/p>\n<p><strong>POU\u017dITIE A D\u00c1VKOVANIE:<\/strong><\/p>\n<p>Mirasoul Heating oil sa prid\u00e1va v pomere 1:2500 (1 liter sta\u010d\u00ed pre 2500 litrov).<\/p>\n<p>Do vykurovacieho oleja ho prid\u00e1me 2-5 min\u00fat po tom, ke\u010f naplnime cisternov\u00e9 vozidlo.<\/p>\n<p><strong><span style=\"text-decoration: underline;\">D\u00d4LE\u017dIT\u00c9:<\/span><\/strong><\/p>\n<p><strong>Pre lep\u0161iu u\u010dinnos\u0165 adit\u00edva v\u017edy prid\u00e1me na konci.<\/strong><\/p>\n<p>&nbsp;<\/p>\n<p><strong>K\u00d3PIA V\u00ddTLA\u010cKU Z MERACIEHO PO\u010c\u00cdTA\u010cA V\u00ddFUKOV\u00ddCH PLYNOV MRU DELTA 2000:<\/strong><\/p>\n<table style=\"width: 100%;\" border=\"0\">\n<tbody>\n<tr>\n<td>V\u00ddSLEDKY BEZ PR\u00cdSADY:<\/p>\n<ul>\n<li>teplota plynov: 161,5\u00b0C<\/li>\n<li>mno\u017estvo CO2: 11,5 %<\/li>\n<li>mno\u017estvo CO: 9 mg\/m3<\/li>\n<li>tepeln\u00e1 strata: 7,1%<\/li>\n<li>odhadovan\u00e1 hodnota \u00fa\u010dinnos\u0165: 92,9%<\/li>\n<\/ul>\n<\/td>\n<td>V\u00ddSLEDKY Z PR\u00cdSADOU:<\/p>\n<ul>\n<li>teplota plynov: 134,8\u00b0C<\/li>\n<li>mno\u017estvo CO2: 12,0 %<\/li>\n<li>mno\u017estvo CO: 4 mg\/m3<\/li>\n<li>tepeln\u00e1 strata: 5,7%<\/li>\n<li>odhadovan\u00e1 hodnota \u00fa\u010dinnos\u0165: 94,3%<\/li>\n<\/ul>\n<\/td>\n<\/tr>\n<\/tbody>\n<\/table>\n<div>\u00a0 \u00a0<a href=\"http:\/\/www.mirasoul.si\/aditivi\/aditiv-mirasoul-heating-oil\/rezultat_1_ho\/\" rel=\"attachment wp-att-261\"><img loading=\"lazy\" title=\"Rezultat brez dodatka\" src=\"http:\/\/www.mirasoul.si\/wp-content\/uploads\/2011\/11\/rezultat_1_ho-e1323807593906.jpg\" alt=\"\" width=\"250\" height=\"533\" \/><\/a>\u00a0 \u00a0 \u00a0 \u00a0 \u00a0 \u00a0 \u00a0 \u00a0 \u00a0 \u00a0 \u00a0\u00a0<a href=\"http:\/\/www.mirasoul.si\/aditivi\/aditiv-mirasoul-heating-oil\/rezultat_2_ho\/\" rel=\"attachment wp-att-260\"><img loading=\"lazy\" title=\"Rezultat z dodatkom\" src=\"http:\/\/www.mirasoul.si\/wp-content\/uploads\/2011\/11\/rezultat_2_ho-e1323807611192.jpg\" alt=\"\" width=\"250\" height=\"533\" \/><\/a><\/div>\n<p><\/p>","protected":false},"excerpt":{"rendered":"<p>Adit\u00edva Mirasoul HEATING OIL pou\u017e\u00edvame ako pr\u00edsadu do vykurovacieho oleja. Mirasoul HEATING OIL zni\u017euje spotrebu nafty, emisie \u0161kodliv\u00fdch plynov a predl\u017euje \u017eivotnos\u0165 s\u00fa\u010dast\u00ed zariadenia, ktor\u00e9 produkuj\u00fa teplo na vykurovanie. Na pr\u00edklad: CISTERNOV\u00c9 VOZIDL\u00c1 (aby sa zabr\u00e1nilo nepotrebn\u00e9 \u010distenie a kor\u00f3zia) POTRUBIE (zabra\u0148uje kor\u00f3zii) FILTRY (zabra\u0148uje uzatv\u00e1ranie) HOR\u00c1KY (zlep\u0161i energetick\u00fa \u00fa\u010dinnos\u0165, umo\u017e\u0148uje tich\u0161iu prev\u00e1dzku, jednoduch\u0161ie zapa\u013eovanie) [&hellip;]<\/p>\n","protected":false},"author":1,"featured_media":0,"parent":26,"menu_order":0,"comment_status":"closed","ping_status":"closed","template":"","meta":[],"_links":{"self":[{"href":"https:\/\/www.mirasoul.si\/sk\/wp-json\/wp\/v2\/pages\/74"}],"collection":[{"href":"https:\/\/www.mirasoul.si\/sk\/wp-json\/wp\/v2\/pages"}],"about":[{"href":"https:\/\/www.mirasoul.si\/sk\/wp-json\/wp\/v2\/types\/page"}],"author":[{"embeddable":true,"href":"https:\/\/www.mirasoul.si\/sk\/wp-json\/wp\/v2\/users\/1"}],"replies":[{"embeddable":true,"href":"https:\/\/www.mirasoul.si\/sk\/wp-json\/wp\/v2\/comments?post=74"}],"version-history":[{"count":17,"href":"https:\/\/www.mirasoul.si\/sk\/wp-json\/wp\/v2\/pages\/74\/revisions"}],"predecessor-version":[{"id":25819,"href":"https:\/\/www.mirasoul.si\/sk\/wp-json\/wp\/v2\/pages\/74\/revisions\/25819"}],"up":[{"embeddable":true,"href":"https:\/\/www.mirasoul.si\/sk\/wp-json\/wp\/v2\/pages\/26"}],"wp:attachment":[{"href":"https:\/\/www.mirasoul.si\/sk\/wp-json\/wp\/v2\/media?parent=74"}],"curies":[{"name":"wp","href":"https:\/\/api.w.org\/{rel}","templated":true}]}}