{"id":85,"date":"2011-11-23T12:36:06","date_gmt":"2011-11-23T12:36:06","guid":{"rendered":"http:\/\/www.mirasoul.si\/?page_id=85"},"modified":"2020-11-16T13:58:49","modified_gmt":"2020-11-16T13:58:49","slug":"o-nas","status":"publish","type":"page","link":"https:\/\/www.mirasoul.si\/sk\/o-nas\/","title":{"rendered":"O N\u00c1S"},"content":{"rendered":"<p><strong>Mirasoul s.r.o.<\/strong><\/p>\n<p>Sme prv\u00e1 spolo\u010dnos\u0165 \u0161pecializuj\u00faca sa v Slovinsku, s inovat\u00edvnymi rie\u0161eniami pre ochranu \u017eivotn\u00e9ho prostredia a viac priate\u013esk\u00fa energiu, na z\u00e1klade ni\u017e\u0161ej spotreby paliva a \u010distej\u0161ieho spa\u013eovania.<\/p>\n<p>Z\u00e1kladn\u00e1 \u010dinnos\u0165 spolo\u010dnosti Mirasoul je v\u00fdroba a predaj adit\u00edva Mirasoul biodiesel (pr\u00edsada pre diesel a biodiesel) a adit\u00edva Mirasoul heating oil (pr\u00edsada pre vykurovac\u00ed olej).<\/p>\n<p>Na\u0161ou z\u00e1kladnou \u00falohou je odborn\u00e9 poradenstvo, r\u00fdchla odozva, kvalitn\u00fd v\u00fdkon a ponuka produktov za priazniv\u00e9 ceny. Z\u00edskame to nez\u00e1visle, posilnen\u00edm dlhodob\u00fdch podnikate\u013esk\u00fdch v\u00e4zieb a partnerstiev v oblasti rozvoja, dod\u00e1vok v\u00fdrobkov a marketingu.<\/p>\n<p>Sme r\u00fdchli, vynaliezav\u00ed, usilovn\u00ed a\u00a0inovativn\u00ed a preto vieme ako sa vyrovna\u0165 s\u00a0akouko\u013evek v\u00fdzvou, bez oh\u013eadu na zlo\u017eitos\u0165 projektu. T\u00fdmto sp\u00f4sobom svojim partnerom realizujeme o\u010dak\u00e1vania a\u00a0dokazujeme, \u017ee m\u00e1me spr\u00e1vne rie\u0161enia a\u00a0v\u00e1\u017ene \u00fa\u010dely.<\/p>\n<p>Predaj poskytujeme v\u00a0oblasti Slovinska a tie\u017e v\u00a0zahrani\u010d\u00ed. Na\u0161e v\u00fdrobky s\u00fa stopercentne testovan\u00e9 a\u00a0bezpe\u010dn\u00e9 pre pou\u017eitie.<\/p>","protected":false},"excerpt":{"rendered":"<p>Mirasoul s.r.o. Sme prv\u00e1 spolo\u010dnos\u0165 \u0161pecializuj\u00faca sa v Slovinsku, s inovat\u00edvnymi rie\u0161eniami pre ochranu \u017eivotn\u00e9ho prostredia a viac priate\u013esk\u00fa energiu, na z\u00e1klade ni\u017e\u0161ej spotreby paliva a \u010distej\u0161ieho spa\u013eovania. Z\u00e1kladn\u00e1 \u010dinnos\u0165 spolo\u010dnosti Mirasoul je v\u00fdroba a predaj adit\u00edva Mirasoul biodiesel (pr\u00edsada pre diesel a biodiesel) a adit\u00edva Mirasoul heating oil (pr\u00edsada pre vykurovac\u00ed olej). Na\u0161ou z\u00e1kladnou [&hellip;]<\/p>\n","protected":false},"author":1,"featured_media":0,"parent":0,"menu_order":0,"comment_status":"closed","ping_status":"closed","template":"","meta":[],"_links":{"self":[{"href":"https:\/\/www.mirasoul.si\/sk\/wp-json\/wp\/v2\/pages\/85"}],"collection":[{"href":"https:\/\/www.mirasoul.si\/sk\/wp-json\/wp\/v2\/pages"}],"about":[{"href":"https:\/\/www.mirasoul.si\/sk\/wp-json\/wp\/v2\/types\/page"}],"author":[{"embeddable":true,"href":"https:\/\/www.mirasoul.si\/sk\/wp-json\/wp\/v2\/users\/1"}],"replies":[{"embeddable":true,"href":"https:\/\/www.mirasoul.si\/sk\/wp-json\/wp\/v2\/comments?post=85"}],"version-history":[{"count":9,"href":"https:\/\/www.mirasoul.si\/sk\/wp-json\/wp\/v2\/pages\/85\/revisions"}],"predecessor-version":[{"id":25821,"href":"https:\/\/www.mirasoul.si\/sk\/wp-json\/wp\/v2\/pages\/85\/revisions\/25821"}],"wp:attachment":[{"href":"https:\/\/www.mirasoul.si\/sk\/wp-json\/wp\/v2\/media?parent=85"}],"curies":[{"name":"wp","href":"https:\/\/api.w.org\/{rel}","templated":true}]}}